{"id":5862,"date":"2021-03-18T18:17:26","date_gmt":"2021-03-18T16:17:26","guid":{"rendered":"https:\/\/kemiantekniikankilta.fi\/?page_id=5862"},"modified":"2025-02-01T16:23:09","modified_gmt":"2025-02-01T14:23:09","slug":"ilmoitustaulu","status":"publish","type":"page","link":"https:\/\/kemiantekniikankilta.fi\/en\/ilmoitustaulu\/","title":{"rendered":"Bulletin board"},"content":{"rendered":"<p style=\"margin-top:var(--wp--preset--spacing--40);margin-bottom:var(--wp--preset--spacing--40)\">Ilmoitustaulua k\u00e4ytet\u00e4\u00e4n kiltahuoneessa sijaitsevan ilmoitustaulun rinnalla tilanteen niin vaatiessa.<\/p>","protected":false},"excerpt":{"rendered":"<p>Ilmoitustaulua k\u00e4ytet\u00e4\u00e4n kiltahuoneessa sijaitsevan ilmoitustaulun rinnalla tilanteen niin vaatiessa.<\/p>","protected":false},"author":2,"featured_media":0,"parent":0,"menu_order":5,"comment_status":"closed","ping_status":"closed","template":"","meta":{"_fi_post_content":"<!-- wp:paragraph {\"style\":{\"spacing\":{\"margin\":{\"top\":\"var:preset|spacing|40\",\"bottom\":\"var:preset|spacing|40\"}}}} -->\n<p style=\"margin-top:var(--wp--preset--spacing--40);margin-bottom:var(--wp--preset--spacing--40)\">Ilmoitustaulua k\u00e4ytet\u00e4\u00e4n kiltahuoneessa sijaitsevan ilmoitustaulun rinnalla tilanteen niin vaatiessa.<\/p>\n<!-- \/wp:paragraph -->","_fi_post_name":"ilmoitustaulu","_fi_post_excerpt":"","_fi_post_title":"Ilmoitustaulu","_en-2_post_content":"<!-- wp:paragraph -->\n<p>Virtual bulletin board acts beside the guild's official bulletin board in the guild room when needed. Files are available from the Finnish page \"Ilmoitustaulu\" below \"Kilta\" in the main menu.<\/p>\n<!-- \/wp:paragraph -->","_en-2_post_name":"","_en-2_post_excerpt":"","_en-2_post_title":"Bulletin Board","edit_language":"fi","footnotes":""},"class_list":["post-5862","page","type-page","status-publish","hentry"],"_links":{"self":[{"href":"https:\/\/kemiantekniikankilta.fi\/en\/wp-json\/wp\/v2\/pages\/5862","targetHints":{"allow":["GET"]}}],"collection":[{"href":"https:\/\/kemiantekniikankilta.fi\/en\/wp-json\/wp\/v2\/pages"}],"about":[{"href":"https:\/\/kemiantekniikankilta.fi\/en\/wp-json\/wp\/v2\/types\/page"}],"author":[{"embeddable":true,"href":"https:\/\/kemiantekniikankilta.fi\/en\/wp-json\/wp\/v2\/users\/2"}],"replies":[{"embeddable":true,"href":"https:\/\/kemiantekniikankilta.fi\/en\/wp-json\/wp\/v2\/comments?post=5862"}],"version-history":[{"count":17,"href":"https:\/\/kemiantekniikankilta.fi\/en\/wp-json\/wp\/v2\/pages\/5862\/revisions"}],"predecessor-version":[{"id":6724,"href":"https:\/\/kemiantekniikankilta.fi\/en\/wp-json\/wp\/v2\/pages\/5862\/revisions\/6724"}],"wp:attachment":[{"href":"https:\/\/kemiantekniikankilta.fi\/en\/wp-json\/wp\/v2\/media?parent=5862"}],"curies":[{"name":"wp","href":"https:\/\/api.w.org\/{rel}","templated":true}]}}