{"id":5848,"date":"2021-03-09T15:59:37","date_gmt":"2021-03-09T13:59:37","guid":{"rendered":"https:\/\/kemiantekniikankilta.fi\/?page_id=5848"},"modified":"2025-02-01T16:23:08","modified_gmt":"2025-02-01T14:23:08","slug":"tiedotus","status":"publish","type":"page","link":"https:\/\/kemiantekniikankilta.fi\/en\/tiedotus\/","title":{"rendered":"Mailing list"},"content":{"rendered":"<p class=\"has-medium-font-size\" style=\"margin-top:var(--wp--preset--spacing--40)\">The Google-based mailing list for international members is ketekmembers@kemiantekniikankilta.fi<\/p>\n\n\n\n<p style=\"margin-bottom:var(--wp--preset--spacing--40)\">The international affairs manager informs via this e.g. about the guild\u2019s events and important things that concern international members. Follow the rules below for subscribing. In case of emergency: kv(\u00e4t)kemiantekniikankilta.fi<\/p>\n\n\n\n<h4 class=\"wp-block-heading\" style=\"margin-bottom:var(--wp--preset--spacing--20)\">How to subscribe<\/h4>\n\n\n\n<p style=\"margin-bottom:var(--wp--preset--spacing--20)\"><strong>1.<\/strong><\/p>\n\n\n\n<p>Send a blank message from your email to:<\/p>\n\n\n\n<p>ketekmembers+subscribe@kemiantekniikankilta.fi<\/p>\n\n\n\n<p><div style=\"display:none\"><\/div><\/p>\n\n\n\n<p style=\"margin-top:var(--wp--preset--spacing--20);margin-bottom:var(--wp--preset--spacing--20)\"><strong>2.<\/strong><\/p>\n\n\n\n<p>You\u2019ll get verification that asks you to click \u201cJoin Group\u201d.<\/p>\n\n\n\n<p style=\"margin-bottom:var(--wp--preset--spacing--30)\"><strong><span style=\"text-decoration: underline;\">Do not <\/span><\/strong><span style=\"text-decoration: underline;\"><strong>click it<\/strong><\/span>, Instead of that, you shall answer e.g. with a blank message.<\/p>\n\n\n\n<figure class=\"wp-block-image\"><a href=\"http:\/\/kemiantekniikankilta.fi\/wp-content\/uploads\/2021\/03\/splista2.png\"><img decoding=\"async\" src=\"http:\/\/kemiantekniikankilta.fi\/wp-content\/uploads\/2021\/03\/splista2.png\" alt=\"splista vahvistus 1\"\/><\/a><\/figure>\n\n\n\n<p style=\"margin-top:var(--wp--preset--spacing--20);margin-bottom:var(--wp--preset--spacing--20)\"><strong>3.<\/strong><\/p>\n\n\n\n<p>You will get an answer when the subscribe has happened successfully.<\/p>\n\n\n\n<figure class=\"wp-block-image\"><a href=\"http:\/\/kemiantekniikankilta.fi\/wp-content\/uploads\/2021\/03\/splista1.png\"><img decoding=\"async\" src=\"http:\/\/kemiantekniikankilta.fi\/wp-content\/uploads\/2021\/03\/splista1.png\" alt=\"splista vahvistus 2\"\/><\/a><\/figure>\n\n\n\n<h4 class=\"wp-block-heading\" style=\"margin-top:var(--wp--preset--spacing--40);margin-bottom:var(--wp--preset--spacing--20)\">How to unsubscribe<\/h4>\n\n\n\n<p>Send a blank message from your email to:<\/p>\n\n\n\n<p style=\"margin-bottom:var(--wp--preset--spacing--50)\">ketekmembers+unsubscribe@kemiantekniikankilta.fi<\/p>","protected":false},"excerpt":{"rendered":"<p>KeTeKin postituslista on ketekjasenet@kemiantekniikankilta.fi Postituslistan kautta j\u00e4senille l\u00e4hetet\u00e4\u00e4n viikkotiedotteita ja tietoa muista ajankohtaisia asioita. Postituslistalle liittyminen 1. L\u00e4het\u00e4 haluamallasi s\u00e4hk\u00f6postilla tyhj\u00e4 viesti osoitteeseen: ketekjasenet+subscribe@kemiantekniikankilta.fi ketekmembers@kemiantekniikankilta.fi (international students) 2. Saat vahvistusviestin, jossa sinua pyydet\u00e4\u00e4n klikkaamaan joko &#8221;liity t\u00e4h\u00e4n ryhm\u00e4\u00e4n&#8221; -painiketta &nbsp;tai vastaamaan s\u00e4hk\u00f6postiin viestill\u00e4. \u00c4l\u00e4 klikkaa painiketta, vaan vastaa esimerkiksi tyhj\u00e4ll\u00e4 viestill\u00e4 vahvistuss\u00e4hk\u00f6postiin. 3. T\u00e4m\u00e4n j\u00e4lkeen [&hellip;]<\/p>","protected":false},"author":1,"featured_media":0,"parent":0,"menu_order":0,"comment_status":"closed","ping_status":"closed","template":"","meta":{"_fi_post_content":"<!-- wp:paragraph {\"style\":{\"spacing\":{\"margin\":{\"top\":\"var:preset|spacing|40\"}}},\"fontSize\":\"medium\"} -->\n<p class=\"has-medium-font-size\" style=\"margin-top:var(--wp--preset--spacing--40)\">KeTeKin postituslista on ketekjasenet@kemiantekniikankilta.fi<\/p>\n<!-- \/wp:paragraph -->\n\n<!-- wp:paragraph {\"style\":{\"spacing\":{\"margin\":{\"bottom\":\"var:preset|spacing|40\"}}}} -->\n<p style=\"margin-bottom:var(--wp--preset--spacing--40)\">Postituslistan kautta j\u00e4senille l\u00e4hetet\u00e4\u00e4n viikkotiedotteita ja tietoa muista ajankohtaisia asioita.<\/p>\n<!-- \/wp:paragraph -->\n\n<!-- wp:heading {\"level\":4,\"style\":{\"spacing\":{\"margin\":{\"bottom\":\"var:preset|spacing|20\"}}}} -->\n<h4 class=\"wp-block-heading\" style=\"margin-bottom:var(--wp--preset--spacing--20)\">Postituslistalle liittyminen<\/h4>\n<!-- \/wp:heading -->\n\n<!-- wp:paragraph {\"style\":{\"spacing\":{\"margin\":{\"bottom\":\"var:preset|spacing|20\"}}}} -->\n<p style=\"margin-bottom:var(--wp--preset--spacing--20)\"><strong>1.<\/strong><\/p>\n<!-- \/wp:paragraph -->\n\n<!-- wp:paragraph -->\n<p>L\u00e4het\u00e4 haluamallasi s\u00e4hk\u00f6postilla tyhj\u00e4 viesti osoitteeseen:<\/p>\n<!-- \/wp:paragraph -->\n\n<!-- wp:paragraph -->\n<p>ketekjasenet+subscribe@kemiantekniikankilta.fi<\/p>\n<!-- \/wp:paragraph -->\n\n<!-- wp:paragraph -->\n<p>ketekmembers@kemiantekniikankilta.fi (international students)<\/p>\n<!-- \/wp:paragraph -->\n\n<!-- wp:paragraph {\"style\":{\"spacing\":{\"margin\":{\"top\":\"var:preset|spacing|20\",\"bottom\":\"var:preset|spacing|20\"}}}} -->\n<p style=\"margin-top:var(--wp--preset--spacing--20);margin-bottom:var(--wp--preset--spacing--20)\"><strong>2.<\/strong><\/p>\n<!-- \/wp:paragraph -->\n\n<!-- wp:paragraph -->\n<p>Saat vahvistusviestin, jossa sinua pyydet\u00e4\u00e4n klikkaamaan joko \"liity t\u00e4h\u00e4n ryhm\u00e4\u00e4n\" -painiketta &nbsp;tai vastaamaan s\u00e4hk\u00f6postiin viestill\u00e4.<\/p>\n<!-- \/wp:paragraph -->\n\n<!-- wp:paragraph {\"style\":{\"spacing\":{\"margin\":{\"bottom\":\"var:preset|spacing|30\"}}}} -->\n<p style=\"margin-bottom:var(--wp--preset--spacing--30)\"><strong><span style=\"text-decoration: underline;\">\u00c4l\u00e4 klikkaa <\/span><\/strong><span style=\"text-decoration: underline;\"><strong>painiketta<\/strong><\/span>, vaan vastaa esimerkiksi tyhj\u00e4ll\u00e4 viestill\u00e4 vahvistuss\u00e4hk\u00f6postiin.<\/p>\n<!-- \/wp:paragraph -->\n\n<!-- wp:image {\"linkDestination\":\"custom\"} -->\n<figure class=\"wp-block-image\"><a href=\"http:\/\/kemiantekniikankilta.fi\/wp-content\/uploads\/2021\/03\/splista2.png\"><img src=\"http:\/\/kemiantekniikankilta.fi\/wp-content\/uploads\/2021\/03\/splista2.png\" alt=\"splista vahvistus 1\"\/><\/a><\/figure>\n<!-- \/wp:image -->\n\n<!-- wp:paragraph {\"style\":{\"spacing\":{\"margin\":{\"top\":\"var:preset|spacing|20\",\"bottom\":\"var:preset|spacing|20\"}}}} -->\n<p style=\"margin-top:var(--wp--preset--spacing--20);margin-bottom:var(--wp--preset--spacing--20)\"><strong>3.<\/strong><\/p>\n<!-- \/wp:paragraph -->\n\n<!-- wp:paragraph -->\n<p>T\u00e4m\u00e4n j\u00e4lkeen saat ilmoituksen liittymisest\u00e4.<\/p>\n<!-- \/wp:paragraph -->\n\n<!-- wp:image {\"linkDestination\":\"custom\"} -->\n<figure class=\"wp-block-image\"><a href=\"http:\/\/kemiantekniikankilta.fi\/wp-content\/uploads\/2021\/03\/splista1.png\"><img src=\"http:\/\/kemiantekniikankilta.fi\/wp-content\/uploads\/2021\/03\/splista1.png\" alt=\"splista vahvistus 2\"\/><\/a><\/figure>\n<!-- \/wp:image -->\n\n<!-- wp:heading {\"level\":4,\"style\":{\"spacing\":{\"margin\":{\"top\":\"var:preset|spacing|40\",\"bottom\":\"var:preset|spacing|20\"}}}} -->\n<h4 class=\"wp-block-heading\" style=\"margin-top:var(--wp--preset--spacing--40);margin-bottom:var(--wp--preset--spacing--20)\">Postituslistalta eroaminen<\/h4>\n<!-- \/wp:heading -->\n\n<!-- wp:paragraph -->\n<p>Eroaminen tapahtuu l\u00e4hett\u00e4m\u00e4ll\u00e4 tyhj\u00e4n viestin osoitteeseen:<\/p>\n<!-- \/wp:paragraph -->\n\n<!-- wp:paragraph {\"style\":{\"spacing\":{\"margin\":{\"bottom\":\"var:preset|spacing|50\"}}}} -->\n<p style=\"margin-bottom:var(--wp--preset--spacing--50)\">ketekjasenet+unsubscribe@kemiantekniikankilta.fi<\/p>\n<!-- \/wp:paragraph -->","_fi_post_name":"tiedotus","_fi_post_excerpt":"","_fi_post_title":"Tiedotus","_en-2_post_content":"The Google-based mailing list for international members is ketekmembers@kemiantekniikankilta.fi\n\nThe international affairs manager informs via this e.g. about the guild's events and important things that concern international members. Follow the rules below for subscribing. In case of emergency: kv(\u00e4t)kemiantekniikankilta.fi\n<h2>How to subscribe<\/h2>\n1.\n\nSend a blank message from your email to:\n\nketekmembers+subscribe@kemiantekniikankilta.fi\n\n2.\n\nYou'll get verification that asks you to click \"Join Group\". <strong>Do not click it.<\/strong>\nInstead of that, you shall answer e.g. with a blank message.\n\n3.\n\nYou will get an answer when the subscribe has happened successfully.\n<h2>How to unsubscribe<\/h2>\nSend a blank message from your email to:\n\nketekmembers+unsubscribe@kemiantekniikankilta.fi","_en-2_post_name":"","_en-2_post_excerpt":"","_en-2_post_title":"Mailing List","edit_language":"fi","footnotes":""},"class_list":["post-5848","page","type-page","status-publish","hentry"],"_links":{"self":[{"href":"https:\/\/kemiantekniikankilta.fi\/en\/wp-json\/wp\/v2\/pages\/5848","targetHints":{"allow":["GET"]}}],"collection":[{"href":"https:\/\/kemiantekniikankilta.fi\/en\/wp-json\/wp\/v2\/pages"}],"about":[{"href":"https:\/\/kemiantekniikankilta.fi\/en\/wp-json\/wp\/v2\/types\/page"}],"author":[{"embeddable":true,"href":"https:\/\/kemiantekniikankilta.fi\/en\/wp-json\/wp\/v2\/users\/1"}],"replies":[{"embeddable":true,"href":"https:\/\/kemiantekniikankilta.fi\/en\/wp-json\/wp\/v2\/comments?post=5848"}],"version-history":[{"count":7,"href":"https:\/\/kemiantekniikankilta.fi\/en\/wp-json\/wp\/v2\/pages\/5848\/revisions"}],"predecessor-version":[{"id":6717,"href":"https:\/\/kemiantekniikankilta.fi\/en\/wp-json\/wp\/v2\/pages\/5848\/revisions\/6717"}],"wp:attachment":[{"href":"https:\/\/kemiantekniikankilta.fi\/en\/wp-json\/wp\/v2\/media?parent=5848"}],"curies":[{"name":"wp","href":"https:\/\/api.w.org\/{rel}","templated":true}]}}