{"id":4837,"date":"2019-08-29T23:21:14","date_gmt":"2019-08-29T20:21:14","guid":{"rendered":"http:\/\/kemiantekniikankilta.fi\/?page_id=4837"},"modified":"2025-08-02T17:21:58","modified_gmt":"2025-08-02T14:21:58","slug":"uudet-opiskelijat","status":"publish","type":"page","link":"https:\/\/kemiantekniikankilta.fi\/en\/uudet-opiskelijat\/","title":{"rendered":"Welcome to KeTeK!"},"content":{"rendered":"<h3 class=\"wp-block-heading\" style=\"margin-top:var(--wp--preset--spacing--40)\">Hello new freshman!<\/h3>\n\n\n\n<p>Congratulations on choosing to study chemical engineering in LUT!<\/p>\n\n\n\n<p><div style=\"display:none\"><\/div><\/p>\n\n\n\n<p><a href=\"https:\/\/kemiantekniikankilta.fi\/en\/fv-ja-tuutorit\/\"><div style=\"display:none\"><\/div><\/a><\/p>\n\n\n\n<h3 class=\"wp-block-heading\" style=\"margin-top:var(--wp--preset--spacing--40);margin-bottom:var(--wp--preset--spacing--20)\"><div style=\"display:none\"><\/div><\/h3>\n\n\n\n<p><div style=\"display:none\"><\/div><\/p>\n\n\n\n<p><a href=\"https:\/\/kemiantekniikankilta.fi\/wp-content\/uploads\/2025\/08\/KTT_2025.pdf\"><div style=\"display:none\"><\/div><\/a><\/p>\n\n\n\n<h3 class=\"wp-block-heading\" style=\"margin-top:var(--wp--preset--spacing--40);margin-bottom:var(--wp--preset--spacing--20)\">Join the Chemical Engineering Guild!<\/h3>\n\n\n\n<p><a href=\"http:\/\/kemiantekniikankilta.fi\/en\/jaseneksi-kiltaan\/\"><a href=\"\/en\/jaseneksi-kiltaan\">&gt;Read instructions here!<\/a><\/a><\/p>\n\n\n\n<p>Remember to join the guild! Membership perks include<\/p>\n\n\n\n<h4 class=\"wp-block-heading\" style=\"margin-top:var(--wp--preset--spacing--30)\">The guild room<\/h4>\n\n\n\n<p>The guild room (known as kiltis) if the place to hang around between (and also during?) lectures and meet other chemical engineering students, both old and new. There you can get coffee and tea, store your snacks in the fridge and hear great stories, interesting conversations and the best tips for studies!<\/p>\n\n\n\n<h4 class=\"wp-block-heading\" style=\"margin-top:var(--wp--preset--spacing--30)\">Events<\/h4>\n\n\n\n<p>The guild organises multiple events from small to large and members often get early registration and discounted prices.<\/p>\n\n\n\n<h4 class=\"wp-block-heading\" style=\"margin-top:var(--wp--preset--spacing--30)\">The Black Overalls<\/h4>\n\n\n\n<p>What would the life of a finnish chemical engineering student be without the magnificent black overalls? The overalls have big and numerous pockets which allow you to keep all your everyparty carry with you and the lightly coated fabric protects you from weather, ground and other physiochemical phenomena. The overalls also have logos of our sponsors which you should check out for summer job if nothing else.<\/p>\n\n\n\n<p style=\"margin-top:var(--wp--preset--spacing--30)\" class=\"translation-block\"><strong>Awarded Chemical Engineering pHreshmen of the year <span style=\"color: #ffffff\">or Shame(?)<\/span><\/strong><\/p>\n\n\n\n<ul class=\"wp-block-list\">\n<li>2003 Juulia W\u00e4gar<\/li>\n\n\n\n<li>2004 P\u00e4ivi Julku<\/li>\n\n\n\n<li>2005 Sanna Ojanen<\/li>\n\n\n\n<li>2006 Anna Wallinmaa<\/li>\n\n\n\n<li>2007 Antti Karhu<\/li>\n\n\n\n<li>2008 Reko Fagerholm<\/li>\n\n\n\n<li>2009 Laura Rossi<\/li>\n\n\n\n<li>2010 Kai-Yin Liu<\/li>\n\n\n\n<li>2011 Robert Heikkinen<\/li>\n\n\n\n<li>2012 Henri Heikura<\/li>\n\n\n\n<li>2013 Anna-Riina Haverinen<\/li>\n\n\n\n<li>2014 Heidi Saastamoinen<\/li>\n\n\n\n<li>2015 Siiri Ven\u00e4l\u00e4inen<\/li>\n\n\n\n<li>2016 Jukka Nykyri<\/li>\n\n\n\n<li>2017 Pinja Nieminen<\/li>\n\n\n\n<li>2018 Waltteri Rimpil\u00e4inen<\/li>\n\n\n\n<li>2019 Tuuli-Maaria R\u00f6nk\u00e4<\/li>\n\n\n\n<li>2020 Eemil \u00c5hman<\/li>\n\n\n\n<li>2021 Vilma Mikkola<\/li>\n\n\n\n<li>2022 Elias Niskanen<\/li>\n\n\n\n<li>2023 Miro Muinonen<\/li>\n\n\n\n<li>2024 Joel Lehtonen<\/li>\n\n\n\n<li>2025 Juuli Poranen<\/li>\n<\/ul>\n\n\n\n<p style=\"margin-bottom:var(--wp--preset--spacing--50)\">The pHereshman of the year is awarded at 1st May on the fortress hill during the picknic<\/p>","protected":false},"excerpt":{"rendered":"<p>Tervehdys, tuleva kemiantekniikan opiskelija eli pHuksi! Onnittelut erinomaisesta valinnasta. Tervetuloa lappeen Rantaan ja Skinnarilan VapaaValtioon mustahaalaristen kemianteekkareiden ja muiden opiskelijoiden upeaan joukkoon. Teill\u00e4, arvon pHuksi, on edess\u00e4nne antoisat vuodet niin opiskelujen kuin vapaa-ajankin osalta. N\u00e4ille sivuille on koottu enemm\u00e4n tai v\u00e4hemm\u00e4n oleellista tietoa juuri sinulle. \u00c4lk\u00e4\u00e4 kuitenkaan pelj\u00e4styk\u00f6 informaatiotulvaa, sill\u00e4 katso, fuksiviikoilla ja pHuksivuoden mittaan [&hellip;]<\/p>","protected":false},"author":2,"featured_media":0,"parent":0,"menu_order":0,"comment_status":"closed","ping_status":"closed","template":"","meta":{"_fi_post_content":"<!-- wp:heading {\"level\":3,\"style\":{\"spacing\":{\"margin\":{\"top\":\"var:preset|spacing|40\"}}}} -->\n<h3 class=\"wp-block-heading\" style=\"margin-top:var(--wp--preset--spacing--40)\">Tervehdys, tuleva kemiantekniikan opiskelija eli pHuksi!<\/h3>\n<!-- \/wp:heading -->\n\n<!-- wp:paragraph -->\n<p>Onnittelut erinomaisesta valinnasta. Tervetuloa lappeen Rantaan ja Skinnarilan VapaaValtioon mustahaalaristen kemianteekkareiden ja muiden opiskelijoiden upeaan joukkoon. Teill\u00e4, arvon pHuksi, on edess\u00e4nne antoisat vuodet niin opiskelujen kuin vapaa-ajankin osalta. N\u00e4ille sivuille on koottu enemm\u00e4n tai v\u00e4hemm\u00e4n oleellista tietoa juuri sinulle.<\/p>\n<!-- \/wp:paragraph -->\n\n<!-- wp:paragraph -->\n<p>\u00c4lk\u00e4\u00e4 kuitenkaan pelj\u00e4styk\u00f6 informaatiotulvaa, sill\u00e4 katso, fuksiviikoilla ja pHuksivuoden mittaan palaset loksahtelevat kohdilleen niin kuin helpossa palapeliss\u00e4 konsanaan. L\u00e4hde heti rohkeasti ja aktiivisesti mukaan tapahtumiin ja tee fuksivuodestasi ikimuistoinen. pHuksi voi olla vain kerran, vai voiko?<\/p>\n<!-- \/wp:paragraph -->\n\n<!-- wp:paragraph -->\n<p><a href=\"https:\/\/kemiantekniikankilta.fi\/fv-ja-tuutorit\/\">&gt;pHuksivastaavan ja tuutorisi l\u00f6yd\u00e4t t\u00e4\u00e4lt\u00e4!<\/a><\/p>\n<!-- \/wp:paragraph -->\n\n<!-- wp:heading {\"level\":3,\"style\":{\"spacing\":{\"margin\":{\"top\":\"var:preset|spacing|40\",\"bottom\":\"var:preset|spacing|20\"}}}} -->\n<h3 class=\"wp-block-heading\" style=\"margin-top:var(--wp--preset--spacing--40);margin-bottom:var(--wp--preset--spacing--20)\">K\u00e4ytt\u00f6turvallisuustiedote<\/h3>\n<!-- \/wp:heading -->\n\n<!-- wp:paragraph -->\n<p>K\u00e4ytt\u00f6turvallisuustiedote on tarkoitettu jokaiselle kandivaiheen fuksille, joka hyv\u00e4ksyt\u00e4\u00e4n opiskelemaan Lappeenrannan-Lahden teknillisen yliopiston kemiantekniikan koulutusohjelmaan. K\u00e4ytt\u00f6turvallisuustiedote on KeTeK ry:n koostama \"Tervetuloa opiskelemaan\" -opas, josta l\u00f6ytyy muutamia t\u00e4rkeit\u00e4 asioita opiskelun aloitukseen liittyen. Onnea opiskelupaikastasi! Tervetuloa lappeen Rantaan!<\/p>\n<!-- \/wp:paragraph -->\n\n<!-- wp:paragraph -->\n<p><a href=\"https:\/\/kemiantekniikankilta.fi\/wp-content\/uploads\/2025\/08\/KTT_2025.pdf\">&gt;Lue k\u00e4ytt\u00f6turvallisuustiedote t\u00e4\u00e4lt\u00e4!<\/a><\/p>\n<!-- \/wp:paragraph -->\n\n<!-- wp:heading {\"level\":3,\"style\":{\"spacing\":{\"margin\":{\"top\":\"var:preset|spacing|40\",\"bottom\":\"var:preset|spacing|20\"}}}} -->\n<h3 class=\"wp-block-heading\" style=\"margin-top:var(--wp--preset--spacing--40);margin-bottom:var(--wp--preset--spacing--20)\">Kiltaan liittyminen<\/h3>\n<!-- \/wp:heading -->\n\n<!-- wp:paragraph -->\n<p><a href=\"http:\/\/kemiantekniikankilta.fi\/jaseneksi-kiltaan\/\">&gt;Liittymisen ohjeet!<\/a><\/p>\n<!-- \/wp:paragraph -->\n\n<!-- wp:paragraph -->\n<p>Muista ehdottomasti liitty\u00e4 Kemiantekniikan Kiltaan, eli tuttavallisesti KeTeKiin. J\u00e4senetuja saat muun muassa:<\/p>\n<!-- \/wp:paragraph -->\n\n<!-- wp:heading {\"level\":4,\"style\":{\"spacing\":{\"margin\":{\"top\":\"var:preset|spacing|30\"}}}} -->\n<h4 class=\"wp-block-heading\" style=\"margin-top:var(--wp--preset--spacing--30)\">Kiltahuone<\/h4>\n<!-- \/wp:heading -->\n\n<!-- wp:paragraph -->\n<p>Kiltis on tarkoitettu ajanviettoon kiireisen opiskelun ohella. Kiltikselt\u00e4 saa muun muassa kahvia, kavereita ja lasteittain vanhojen turinoita. Kiltahuone on yksi parhaita tapoja tutustua kiltalaisiin monilta eri vuosikursseilta!<\/p>\n<!-- \/wp:paragraph -->\n\n<!-- wp:heading {\"level\":4,\"style\":{\"spacing\":{\"margin\":{\"top\":\"var:preset|spacing|30\"}}}} -->\n<h4 class=\"wp-block-heading\" style=\"margin-top:var(--wp--preset--spacing--30)\">Tapahtumia<\/h4>\n<!-- \/wp:heading -->\n\n<!-- wp:paragraph -->\n<p>Kilta j\u00e4rjest\u00e4\u00e4 j\u00e4senilleen ilmaisia ja maksullisia (j\u00e4senhintaan) tapahtumia vuoden mittaan.<\/p>\n<!-- \/wp:paragraph -->\n\n<!-- wp:heading {\"level\":4,\"style\":{\"spacing\":{\"margin\":{\"top\":\"var:preset|spacing|30\"}}}} -->\n<h4 class=\"wp-block-heading\" style=\"margin-top:var(--wp--preset--spacing--30)\">Killan haalarit<\/h4>\n<!-- \/wp:heading -->\n\n<!-- wp:paragraph -->\n<p>Mit\u00e4 opiskelijael\u00e4m\u00e4 olisikaan ilman uljaita mustia haalareita? Haalarit toimivat opiskelijoille ylim\u00e4\u00e4r\u00e4isen\u00e4 ihona, joka suojelee heit\u00e4 s\u00e4\u00e4lt\u00e4 ja muilta kemiallis-fysikaalisilta ilmi\u00f6lt\u00e4. Lis\u00e4ksi haalareissa on mainoksia toimintaamme sponsoroivilta tahoilta. Haalarit saapuvat fuksivuoden mittaan, yleens\u00e4 my\u00f6h\u00e4\u00e4n syksyll\u00e4.<\/p>\n<!-- \/wp:paragraph -->\n\n<!-- wp:paragraph {\"style\":{\"spacing\":{\"margin\":{\"top\":\"var:preset|spacing|30\"}}}} -->\n<p style=\"margin-top:var(--wp--preset--spacing--30)\"><strong>Vuoden pHuksit Hall of Fame <span style=\"color: #F9F9F9;\">vai Shame(?)<\/span><\/strong><\/p>\n<!-- \/wp:paragraph -->\n\n<!-- wp:list -->\n<ul class=\"wp-block-list\"><!-- wp:list-item -->\n<li>2003 Juulia W\u00e4gar<\/li>\n<!-- \/wp:list-item -->\n\n<!-- wp:list-item -->\n<li>2004 P\u00e4ivi Julku<\/li>\n<!-- \/wp:list-item -->\n\n<!-- wp:list-item -->\n<li>2005 Sanna Ojanen<\/li>\n<!-- \/wp:list-item -->\n\n<!-- wp:list-item -->\n<li>2006 Anna Wallinmaa<\/li>\n<!-- \/wp:list-item -->\n\n<!-- wp:list-item -->\n<li>2007 Antti Karhu<\/li>\n<!-- \/wp:list-item -->\n\n<!-- wp:list-item -->\n<li>2008 Reko Fagerholm<\/li>\n<!-- \/wp:list-item -->\n\n<!-- wp:list-item -->\n<li>2009 Laura Rossi<\/li>\n<!-- \/wp:list-item -->\n\n<!-- wp:list-item -->\n<li>2010 Kai-Yin Liu<\/li>\n<!-- \/wp:list-item -->\n\n<!-- wp:list-item -->\n<li>2011 Robert Heikkinen<\/li>\n<!-- \/wp:list-item -->\n\n<!-- wp:list-item -->\n<li>2012 Henri Heikura<\/li>\n<!-- \/wp:list-item -->\n\n<!-- wp:list-item -->\n<li>2013 Anna-Riina Haverinen<\/li>\n<!-- \/wp:list-item -->\n\n<!-- wp:list-item -->\n<li>2014 Heidi Saastamoinen<\/li>\n<!-- \/wp:list-item -->\n\n<!-- wp:list-item -->\n<li>2015 Siiri Ven\u00e4l\u00e4inen<\/li>\n<!-- \/wp:list-item -->\n\n<!-- wp:list-item -->\n<li>2016 Jukka Nykyri<\/li>\n<!-- \/wp:list-item -->\n\n<!-- wp:list-item -->\n<li>2017 Pinja Nieminen<\/li>\n<!-- \/wp:list-item -->\n\n<!-- wp:list-item -->\n<li>2018 Waltteri Rimpil\u00e4inen<\/li>\n<!-- \/wp:list-item -->\n\n<!-- wp:list-item -->\n<li>2019 Tuuli-Maaria R\u00f6nk\u00e4<\/li>\n<!-- \/wp:list-item -->\n\n<!-- wp:list-item -->\n<li>2020 Eemil \u00c5hman<\/li>\n<!-- \/wp:list-item -->\n\n<!-- wp:list-item -->\n<li>2021 Vilma Mikkola<\/li>\n<!-- \/wp:list-item -->\n\n<!-- wp:list-item -->\n<li>2022 Elias Niskanen<\/li>\n<!-- \/wp:list-item -->\n\n<!-- wp:list-item -->\n<li>2023 Miro Muinonen<\/li>\n<!-- \/wp:list-item -->\n\n<!-- wp:list-item -->\n<li>2024 Joel Lehtonen<\/li>\n<!-- \/wp:list-item -->\n\n<!-- wp:list-item -->\n<li>2025 Juuli Poranen<\/li>\n<!-- \/wp:list-item --><\/ul>\n<!-- \/wp:list -->\n\n<!-- wp:paragraph {\"style\":{\"spacing\":{\"margin\":{\"bottom\":\"var:preset|spacing|50\"}}}} -->\n<p style=\"margin-bottom:var(--wp--preset--spacing--50)\">Vuoden pHuksi nimitet\u00e4\u00e4n vappup\u00e4iv\u00e4n\u00e4 valleilla ansiokkaan pHukseilun my\u00f6t\u00e4.<\/p>\n<!-- \/wp:paragraph -->","_fi_post_name":"uudet-opiskelijat","_fi_post_excerpt":"","_fi_post_title":"Tervetuloa KeTeKille!","_en-2_post_content":"Hello new freshman!\n<p style=\"text-align: justify;\">Congratulations on choosing to study chemical engineering in LUT!<\/p>\n\n<h2>Join the Chemical Engineering Guild!<\/h2>\n<a href=\"http:\/\/kemiantekniikankilta.fi\/en\/jaseneksi-kiltaan\/\">&gt;Read instructions here!<\/a>\n<p style=\"text-align: justify;\">Remember to join the guild! Membership perks include:<\/p>\n\n<h3>The guild room<\/h3>\nThe guild room (known as kiltis) if the place to hang around between (and also during?) lectures and meet other chemical engineering students, both old and new. There you can get coffee and tea, store your snacks in the fridge and hear great stories, interesting conversations and the best tips for studies!\n<h3>Events<\/h3>\n<p style=\"text-align: justify;\">The guild organises multiple events from small to large and members often get early registration and discounted prices.<\/p>\n\n<h3>The Black Overalls<\/h3>\n<p style=\"text-align: justify;\">What would the life of a finnish chemical engineering student be without the magnificent black overalls? The overalls have big and numerous pockets which allow you to keep all your everyparty carry with you and the lightly coated fabric protects you from weather, ground and other physiochemical phenomena. The overalls also have logos of our sponsors which you should check out for summer job if nothing else.<\/p>\n<strong>Awarded Chemical Engineering pHreshmen of the year Hall of Fame <span style=\"color: #ffffff;\">vai Shame(?)<\/span><\/strong>\n<ul>\n \t<li>2003 Juulia W\u00e4gar<\/li>\n \t<li>2004 P\u00e4ivi Julku<\/li>\n \t<li>2005 Sanna Ojanen<\/li>\n \t<li>2006 Anna Wallinmaa<\/li>\n \t<li>2007 Antti Karhu<\/li>\n \t<li>2008 Reko Fagerholm<\/li>\n \t<li>2009 Laura Rossi<\/li>\n \t<li>2010 Kai-Yin Liu<\/li>\n \t<li>2011 Robert Heikkinen<\/li>\n \t<li>2012 Henri Heikura<\/li>\n \t<li>2013 Anna-Riina Haverinen<\/li>\n \t<li>2014 Heidi Saastamoinen<\/li>\n \t<li>2015 Siiri Ven\u00e4l\u00e4inen<\/li>\n \t<li>2016 Jukka Nykyri<\/li>\n \t<li>2017 Pinja Nieminen<\/li>\n \t<li>2018 Waltteri Rimpil\u00e4inen<\/li>\n \t<li>2019 Tuuli-Maaria R\u00f6nk\u00e4<\/li>\n \t<li>2020 Eemil \u00c5hman<\/li>\n \t<li>2021 Vilma Mikkola<\/li>\n \t<li>2022 Elias Niskanen<\/li>\n \t<li>2023 Miro Muinonen<\/li>\n \t<li>2024 Joel Lehtonen<\/li>\n<\/ul>\nThe pHereshman of the year is awarded at 1st May on the fortress hill during the picknic.","_en-2_post_name":"","_en-2_post_excerpt":"","_en-2_post_title":"New Students","edit_language":"fi","footnotes":""},"class_list":["post-4837","page","type-page","status-publish","hentry"],"_links":{"self":[{"href":"https:\/\/kemiantekniikankilta.fi\/en\/wp-json\/wp\/v2\/pages\/4837","targetHints":{"allow":["GET"]}}],"collection":[{"href":"https:\/\/kemiantekniikankilta.fi\/en\/wp-json\/wp\/v2\/pages"}],"about":[{"href":"https:\/\/kemiantekniikankilta.fi\/en\/wp-json\/wp\/v2\/types\/page"}],"author":[{"embeddable":true,"href":"https:\/\/kemiantekniikankilta.fi\/en\/wp-json\/wp\/v2\/users\/2"}],"replies":[{"embeddable":true,"href":"https:\/\/kemiantekniikankilta.fi\/en\/wp-json\/wp\/v2\/comments?post=4837"}],"version-history":[{"count":46,"href":"https:\/\/kemiantekniikankilta.fi\/en\/wp-json\/wp\/v2\/pages\/4837\/revisions"}],"predecessor-version":[{"id":6793,"href":"https:\/\/kemiantekniikankilta.fi\/en\/wp-json\/wp\/v2\/pages\/4837\/revisions\/6793"}],"wp:attachment":[{"href":"https:\/\/kemiantekniikankilta.fi\/en\/wp-json\/wp\/v2\/media?parent=4837"}],"curies":[{"name":"wp","href":"https:\/\/api.w.org\/{rel}","templated":true}]}}