{"id":4818,"date":"2019-08-29T22:42:28","date_gmt":"2019-08-29T19:42:28","guid":{"rendered":"http:\/\/kemiantekniikankilta.fi\/?page_id=4818"},"modified":"2025-08-02T17:13:08","modified_gmt":"2025-08-02T14:13:08","slug":"jaseneksi-kiltaan","status":"publish","type":"page","link":"https:\/\/kemiantekniikankilta.fi\/en\/jaseneksi-kiltaan\/","title":{"rendered":"Join the Guild!"},"content":{"rendered":"<h3 class=\"wp-block-heading\" style=\"margin-top:var(--wp--preset--spacing--40)\">Hello pHreshman!<\/h3>\n\n\n\n<p>Now is the time to join the Chemical Engineering Guild (KeTeK). As a member, you get e.g. fabulous <a href=\"..\/haalarit\" target=\"_blank\" rel=\"noopener\"><b>black<\/b> overalls<\/a> , access to the guild room, fun excursions and much more. More information on our guild can be found on these websites and by asking our tutors and other active guild members.<\/p>\n\n\n\n<p>To join the guild purchase the membership from the link below and fill you information to the member register. The joining fee is 20 \u20ac and annual membership fee is 5 \u20ac. Chemical Engineering Guild uses Kide.app to maintain the membership register and to sell memberships, so you will need to register to the application. After the 1st of November, the link to pay the annual membership fee must be requested separately.<\/p>\n\n\n\n<p style=\"margin-bottom:var(--wp--preset--spacing--40)\"><a href=\"https:\/\/kide.app\/memberships\/0eafcd49-c541-40d1-b896-725f1ac88715\">Click here for the payments!<\/a><\/p>","protected":false},"excerpt":{"rendered":"<p>Hei pHuksi! Nyt on aika liitty\u00e4 Kemiantekniikan Killan eli KeTeKin j\u00e4seneksi. Killan j\u00e4senen\u00e4 saat mustat haalarit ja varmistat p\u00e4\u00e4sysi mm. killan excursioille ja vuosijuhlille, viel\u00e4p\u00e4 edullisemmalla j\u00e4senhinnalla. Lis\u00e4tietoja killasta saat n\u00e4ilt\u00e4 nettisivuilta, tuutoreilta ja muilta killan aktiiveilta. Killan j\u00e4seneksi liitty\u00e4ksesi osta alla olevasta linkist\u00e4 j\u00e4senyys ja t\u00e4yt\u00e4 tietosi j\u00e4senrekisteriin. Liittymismaksu on 20 \u20ac ja vuotuinen [&hellip;]<\/p>","protected":false},"author":1,"featured_media":0,"parent":0,"menu_order":0,"comment_status":"closed","ping_status":"closed","template":"","meta":{"_fi_post_content":"<!-- wp:heading {\"level\":3,\"style\":{\"spacing\":{\"margin\":{\"top\":\"var:preset|spacing|40\"}}}} -->\n<h3 class=\"wp-block-heading\" style=\"margin-top:var(--wp--preset--spacing--40)\">Hei pHuksi!<\/h3>\n<!-- \/wp:heading -->\n\n<!-- wp:paragraph -->\n<p>Nyt on aika liitty\u00e4 Kemiantekniikan Killan eli KeTeKin j\u00e4seneksi. Killan j\u00e4senen\u00e4 saat <a href=\"..\/haalarit\" target=\"_blank\" rel=\"noopener\"><b>mustat<\/b> haalarit<\/a> ja varmistat p\u00e4\u00e4sysi mm. killan excursioille ja vuosijuhlille, viel\u00e4p\u00e4 edullisemmalla j\u00e4senhinnalla. Lis\u00e4tietoja killasta saat n\u00e4ilt\u00e4 nettisivuilta, tuutoreilta ja muilta killan aktiiveilta.<\/p>\n<!-- \/wp:paragraph -->\n\n<!-- wp:paragraph -->\n<p>Killan j\u00e4seneksi liitty\u00e4ksesi osta alla olevasta linkist\u00e4 j\u00e4senyys ja t\u00e4yt\u00e4 tietosi j\u00e4senrekisteriin. Liittymismaksu on 20 \u20ac ja vuotuinen j\u00e4senmaksu on 5 \u20ac. Kemiantekniikan Kilta ry k\u00e4ytt\u00e4\u00e4 j\u00e4senrekisterin\u00e4\u00e4n ja j\u00e4senyyden myynniss\u00e4 Kide.app palvelua, joten tarvitset tunnukset j\u00e4rjestelm\u00e4\u00e4n.<\/p>\n<!-- \/wp:paragraph -->\n\n<!-- wp:paragraph -->\n<p style=\"margin-bottom:var(--wp--preset--spacing--40)\"><a href=\"https:\/\/kide.app\/memberships\/0eafcd49-c541-40d1-b896-725f1ac88715\">Klikkaa itsesi j\u00e4senmaksuihin t\u00e4st\u00e4!<\/a><\/p>\n<!-- \/wp:paragraph -->","_fi_post_name":"jaseneksi-kiltaan","_fi_post_excerpt":"","_fi_post_title":"J\u00e4seneksi kiltaan","_en-2_post_content":"<h1>Hello pHreshman!<\/h1>\n<p style=\"text-align: justify;\">Now is the time to join the Chemical Engineering Guild (KeTeK). As a member, you get e.g. fabulous <a href=\"..\/haalarit\" target=\"_blank\" rel=\"noopener\"><b>black<\/b> overalls<\/a>, access to the guild room, fun excursions and much more. More information on our guild can be found on these websites and by asking our tutors and other active guild members.<\/p>\n<p style=\"text-align: justify;\">To join the guild purchase the membership from the link below and fill you information to the member register. The joining fee is 20 \u20ac and annual membership fee is 2 \u20ac. Chemical Engineering Guild uses Kide.App to maintain the membership register and to sell memberships, so you will need to register to the application. After the 1st of November, the link to pay the annual membership fee must be requested separately.<\/p>\n<a href=\"https:\/\/kide.app\/memberships\/8fdf6640-381b-4540-a3a0-ff0a35166433\">Click here for the payments!<\/a>\n\n<a href=\"https:\/\/docs.google.com\/document\/d\/e\/2PACX-1vSkkOno5QjNKH5RzJGhztf4_-pb257ED58dXuuWNQ-mmxBxcWUTkJEbHmii6fTeVtu6xrlnea3NWf25\/pub\">Data protection information (in finnish)<\/a>","_en-2_post_name":"","_en-2_post_excerpt":"","_en-2_post_title":"Join the guild!","edit_language":"fi","footnotes":""},"class_list":["post-4818","page","type-page","status-publish","hentry"],"_links":{"self":[{"href":"https:\/\/kemiantekniikankilta.fi\/en\/wp-json\/wp\/v2\/pages\/4818","targetHints":{"allow":["GET"]}}],"collection":[{"href":"https:\/\/kemiantekniikankilta.fi\/en\/wp-json\/wp\/v2\/pages"}],"about":[{"href":"https:\/\/kemiantekniikankilta.fi\/en\/wp-json\/wp\/v2\/types\/page"}],"author":[{"embeddable":true,"href":"https:\/\/kemiantekniikankilta.fi\/en\/wp-json\/wp\/v2\/users\/1"}],"replies":[{"embeddable":true,"href":"https:\/\/kemiantekniikankilta.fi\/en\/wp-json\/wp\/v2\/comments?post=4818"}],"version-history":[{"count":22,"href":"https:\/\/kemiantekniikankilta.fi\/en\/wp-json\/wp\/v2\/pages\/4818\/revisions"}],"predecessor-version":[{"id":6791,"href":"https:\/\/kemiantekniikankilta.fi\/en\/wp-json\/wp\/v2\/pages\/4818\/revisions\/6791"}],"wp:attachment":[{"href":"https:\/\/kemiantekniikankilta.fi\/en\/wp-json\/wp\/v2\/media?parent=4818"}],"curies":[{"name":"wp","href":"https:\/\/api.w.org\/{rel}","templated":true}]}}