{"id":48,"date":"2009-08-04T14:12:57","date_gmt":"2009-08-04T11:12:57","guid":{"rendered":"http:\/\/kemiantekniikankilta.fi\/?page_id=48"},"modified":"2025-02-01T16:23:08","modified_gmt":"2025-02-01T14:23:08","slug":"yhteystiedot","status":"publish","type":"page","link":"https:\/\/kemiantekniikankilta.fi\/en\/yhteystiedot\/","title":{"rendered":"Contact information"},"content":{"rendered":"<p style=\"margin-top:var(--wp--preset--spacing--40)\"><strong>Mail address:<\/strong><br>Kemiantekniikan Kilta ry<br>Ylioppilastalo,<br>Laserkatu 10,<br>53850 Lappeenranta<\/p>\n\n\n\n<p><strong>Bank account:<\/strong><br>Etel\u00e4-Karjalan Osuuspankki<br>IBAN: FI39 5620 0920 4565 62<\/p>\n\n\n\n<p><div><\/div><\/p>\n\n\n\n<p><strong>Email:<\/strong><br>hallitus(\u00e4t)kemiantekniikankilta.fi<br>The board member's own emails you can find&nbsp;<a href=\"\/en\/kilta\/toimijat\/\" target=\"_blank\" rel=\"noopener\">here<\/a>!<\/p>\n\n\n\n<p style=\"margin-top:0;margin-bottom:var(--wp--preset--spacing--50)\"><strong>Business ID:<\/strong>&nbsp; 2320952-8<\/p>","protected":false},"excerpt":{"rendered":"<p>Postiosoite:Kemiantekniikan Kilta ryYlioppilastalo,Laserkatu 10,53850 Lappeenranta Pankkiyhteys:Etel\u00e4-Karjalan OsuuspankkiIBAN: FI39 5620 0920 4565 62 Kulukorvaukset toimitetaan rahastonhoitajalle tai kiltahuoneen ilmoitustaululle niille varattuun paikkaan. S\u00e4hk\u00f6posti:Killan hallituksen tavoitat helpoiten osoitteesta hallitus(\u00e4t)kemiantekniikankilta.fiHallituksen j\u00e4senien omat, katso&nbsp;t\u00e4st\u00e4! Y-Tunnus:&nbsp; 2320952-8<\/p>","protected":false},"author":1,"featured_media":0,"parent":0,"menu_order":0,"comment_status":"closed","ping_status":"closed","template":"","meta":{"_fi_post_content":"<!-- wp:paragraph {\"style\":{\"spacing\":{\"margin\":{\"top\":\"var:preset|spacing|40\"}}}} -->\n<p style=\"margin-top:var(--wp--preset--spacing--40)\"><strong>Postiosoite:<\/strong><br>Kemiantekniikan Kilta ry<br>Ylioppilastalo,<br>Laserkatu 10,<br>53850 Lappeenranta<\/p>\n<!-- \/wp:paragraph -->\n\n<!-- wp:paragraph -->\n<p><strong>Pankkiyhteys:<\/strong><br>Etel\u00e4-Karjalan Osuuspankki<br>IBAN: FI39 5620 0920 4565 62<\/p>\n<!-- \/wp:paragraph -->\n\n<!-- wp:paragraph -->\n<p>Kulukorvaukset toimitetaan rahastonhoitajalle tai kiltahuoneen ilmoitustaululle niille varattuun paikkaan.<\/p>\n<!-- \/wp:paragraph -->\n\n<!-- wp:paragraph -->\n<p><strong>S\u00e4hk\u00f6posti:<\/strong><br>Killan hallituksen tavoitat helpoiten osoitteesta hallitus(\u00e4t)kemiantekniikankilta.fi<br>Hallituksen j\u00e4senien omat, katso&nbsp;<a href=\"\/kilta\/toimijat\/\" target=\"_blank\" rel=\"noopener\">t\u00e4st\u00e4<\/a>!<\/p>\n<!-- \/wp:paragraph -->\n\n<!-- wp:paragraph {\"style\":{\"spacing\":{\"margin\":{\"bottom\":\"var:preset|spacing|50\",\"top\":\"0\"}}}} -->\n<p style=\"margin-top:0;margin-bottom:var(--wp--preset--spacing--50)\"><strong>Y-Tunnus:<\/strong>&nbsp; 2320952-8<\/p>\n<!-- \/wp:paragraph -->","_fi_post_name":"yhteystiedot","_fi_post_excerpt":"","_fi_post_title":"Yhteystiedot","_en-2_post_content":"\u2190 <a href=\"..\/\">Back to beginning<\/a>\n\n<strong>Bank account:<\/strong>\nEtel\u00e4-Karjalan Osuuspankki\nIBAN: FI39 5620 0920 4565 62\n\n<strong>Mail address:<\/strong>\nYlioppilastalo,\nLaserkatu 10,\n53850 Lappeenranta\n\n<strong>Email:<\/strong> pj@kemiantekniikankilta.fi\n\n<strong>Business ID:<\/strong>&nbsp; 2320952-8","_en-2_post_name":"yhteystiedot","_en-2_post_excerpt":"","_en-2_post_title":"Contact Information","edit_language":"fi","footnotes":""},"class_list":["post-48","page","type-page","status-publish","hentry"],"_links":{"self":[{"href":"https:\/\/kemiantekniikankilta.fi\/en\/wp-json\/wp\/v2\/pages\/48","targetHints":{"allow":["GET"]}}],"collection":[{"href":"https:\/\/kemiantekniikankilta.fi\/en\/wp-json\/wp\/v2\/pages"}],"about":[{"href":"https:\/\/kemiantekniikankilta.fi\/en\/wp-json\/wp\/v2\/types\/page"}],"author":[{"embeddable":true,"href":"https:\/\/kemiantekniikankilta.fi\/en\/wp-json\/wp\/v2\/users\/1"}],"replies":[{"embeddable":true,"href":"https:\/\/kemiantekniikankilta.fi\/en\/wp-json\/wp\/v2\/comments?post=48"}],"version-history":[{"count":43,"href":"https:\/\/kemiantekniikankilta.fi\/en\/wp-json\/wp\/v2\/pages\/48\/revisions"}],"predecessor-version":[{"id":6720,"href":"https:\/\/kemiantekniikankilta.fi\/en\/wp-json\/wp\/v2\/pages\/48\/revisions\/6720"}],"wp:attachment":[{"href":"https:\/\/kemiantekniikankilta.fi\/en\/wp-json\/wp\/v2\/media?parent=48"}],"curies":[{"name":"wp","href":"https:\/\/api.w.org\/{rel}","templated":true}]}}