{"id":4565,"date":"2018-09-06T19:23:21","date_gmt":"2018-09-06T16:23:21","guid":{"rendered":"http:\/\/kemiantekniikankilta.fi\/?page_id=4565"},"modified":"2025-02-01T16:23:07","modified_gmt":"2025-02-01T14:23:07","slug":"haalarit","status":"publish","type":"page","link":"https:\/\/kemiantekniikankilta.fi\/en\/haalarit\/","title":{"rendered":"Overalls"},"content":{"rendered":"<p style=\"margin-top:var(--wp--preset--spacing--40)\">Overalls are perhaps the most visible part of the student culture in Finland. Main colour of the Chemical Engineering Guild (Kemiantekniikan Kilta) is <b>black<\/b>. Every autumn the new students design the their own logo and the overalls are then ordered. Ordinary members of the guild* get their overalls for free and others can get them for the price of 40\u20ac if there are any available.<\/p>\n\n\n\n<p>* Ordinary member is a degree student in LUT Chemical Engineering and has paid the membership fee. Ordinary members are approved by the board of the guild.<\/p>\n\n\n\n<p style=\"margin-bottom:var(--wp--preset--spacing--40)\"><div><\/div><\/p>","protected":false},"excerpt":{"rendered":"<p>Haalarit ovat ehk\u00e4 n\u00e4kyvin osa opiskelijakulttuuria. Kemiantekniikan killan haalarien v\u00e4ri on musta. Uusi vuosikurssi suunnittelee haalariensa logon itse ja haalarit tilataan alkusyksyst\u00e4. Killan varsinaiset j\u00e4senet* saavat haalarinsa ilmaiseksi ja muut voivat ostaa ne hintaan 40\u20ac, mik\u00e4li varastossa on. * Varsinainen j\u00e4sen on LUT:n kemiantekniikan koulutusohjelman perus- tai jatko-opiskelija, joka on suorittanut killan kertaluonteisen liittymismaksun. Varsinaiset [&hellip;]<\/p>","protected":false},"author":1,"featured_media":0,"parent":0,"menu_order":0,"comment_status":"closed","ping_status":"closed","template":"","meta":{"_fi_post_content":"<!-- wp:paragraph {\"style\":{\"spacing\":{\"margin\":{\"top\":\"var:preset|spacing|40\"}}}} -->\n<p style=\"margin-top:var(--wp--preset--spacing--40)\">Haalarit ovat ehk\u00e4 n\u00e4kyvin osa opiskelijakulttuuria. Kemiantekniikan killan haalarien v\u00e4ri on musta. Uusi vuosikurssi suunnittelee haalariensa logon itse ja haalarit tilataan alkusyksyst\u00e4. Killan varsinaiset j\u00e4senet* saavat haalarinsa ilmaiseksi ja muut voivat ostaa ne hintaan 40\u20ac, mik\u00e4li varastossa on.<\/p>\n<!-- \/wp:paragraph -->\n\n<!-- wp:paragraph -->\n<p>* Varsinainen j\u00e4sen on LUT:n kemiantekniikan koulutusohjelman perus- tai jatko-opiskelija, joka on suorittanut killan kertaluonteisen liittymismaksun. Varsinaiset j\u00e4senet toteaa ja hyv\u00e4ksyy killan hallitus.<\/p>\n<!-- \/wp:paragraph -->\n\n<!-- wp:paragraph {\"style\":{\"spacing\":{\"margin\":{\"bottom\":\"var:preset|spacing|40\"}}}} -->\n<p style=\"margin-bottom:var(--wp--preset--spacing--40)\">Esimerkiksi sin\u00e4 ketepHuksi olet varsinainen j\u00e4sen liitytty\u00e4si kiltaan.<\/p>\n<!-- \/wp:paragraph -->\n\n<!-- wp:image -->\n<figure class=\"wp-block-image\"><img alt=\"\"\/><\/figure>\n<!-- \/wp:image -->","_fi_post_name":"haalarit","_fi_post_excerpt":"","_fi_post_title":"Haalarit","_en-2_post_content":"<p style=\"text-align: justify;\">\nOveralls are perhaps the most visible part of the student culture in Finland. Main colour of the Chemical Engineering Guild (Kemiantekniikan Kilta) is <b>black<\/b>. Every autumn the new students design the their own logo and the overalls are then ordered. Ordinary members of the guild* get their overalls for free and others can get them for the price of 40\u20ac if there are any available.\n\n<p style=\"text-align: justify;\">* Ordinary member is a degree student in LUT Chemical Engineering and has paid the membership fee. Ordinary members are approved by the board of the guild.<\/p>","_en-2_post_name":"haalarit","_en-2_post_excerpt":"","_en-2_post_title":"Overalls","edit_language":"fi","footnotes":""},"class_list":["post-4565","page","type-page","status-publish","hentry"],"_links":{"self":[{"href":"https:\/\/kemiantekniikankilta.fi\/en\/wp-json\/wp\/v2\/pages\/4565","targetHints":{"allow":["GET"]}}],"collection":[{"href":"https:\/\/kemiantekniikankilta.fi\/en\/wp-json\/wp\/v2\/pages"}],"about":[{"href":"https:\/\/kemiantekniikankilta.fi\/en\/wp-json\/wp\/v2\/types\/page"}],"author":[{"embeddable":true,"href":"https:\/\/kemiantekniikankilta.fi\/en\/wp-json\/wp\/v2\/users\/1"}],"replies":[{"embeddable":true,"href":"https:\/\/kemiantekniikankilta.fi\/en\/wp-json\/wp\/v2\/comments?post=4565"}],"version-history":[{"count":18,"href":"https:\/\/kemiantekniikankilta.fi\/en\/wp-json\/wp\/v2\/pages\/4565\/revisions"}],"predecessor-version":[{"id":6712,"href":"https:\/\/kemiantekniikankilta.fi\/en\/wp-json\/wp\/v2\/pages\/4565\/revisions\/6712"}],"wp:attachment":[{"href":"https:\/\/kemiantekniikankilta.fi\/en\/wp-json\/wp\/v2\/media?parent=4565"}],"curies":[{"name":"wp","href":"https:\/\/api.w.org\/{rel}","templated":true}]}}